{"id":67,"date":"2025-12-17T00:10:59","date_gmt":"2025-12-17T00:10:59","guid":{"rendered":"https:\/\/gunashekar-avocat.fr\/?page_id=67"},"modified":"2025-12-23T11:06:46","modified_gmt":"2025-12-23T11:06:46","slug":"le-cabinet","status":"publish","type":"page","link":"https:\/\/gunashekar-avocat.fr\/?page_id=67","title":{"rendered":"Le Cabinet"},"content":{"rendered":"\t\t<div data-elementor-type=\"wp-page\" data-elementor-id=\"67\" class=\"elementor elementor-67\" data-elementor-post-type=\"page\">\n\t\t\t\t<div class=\"elementor-element elementor-element-03059f6 e-flex e-con-boxed e-con e-parent\" data-id=\"03059f6\" data-element_type=\"container\" data-settings=\"{&quot;background_background&quot;:&quot;classic&quot;}\">\n\t\t\t\t\t<div class=\"e-con-inner\">\n\t\t<div class=\"elementor-element elementor-element-a1c70e1 e-con-full e-flex e-con e-child\" data-id=\"a1c70e1\" data-element_type=\"container\">\n\t\t<div class=\"elementor-element elementor-element-958f266 e-con-full e-flex e-con e-child\" data-id=\"958f266\" data-element_type=\"container\">\n\t\t\t\t<div class=\"elementor-element elementor-element-390961c elementor-widget elementor-widget-heading\" data-id=\"390961c\" data-element_type=\"widget\" data-widget_type=\"heading.default\">\n\t\t\t\t\t<h2 class=\"elementor-heading-title elementor-size-default\">Gilbert GUNASHEKAR <\/h2>\t\t\t\t<\/div>\n\t\t\t\t<div class=\"elementor-element elementor-element-03e02c4 elementor-widget elementor-widget-text-editor\" data-id=\"03e02c4\" data-element_type=\"widget\" data-widget_type=\"text-editor.default\">\n\t\t\t\t\t\t\t\t\t<p>est avocat en droit du travail depuis pr\u00e8s de <strong>15 ans.<\/strong><\/p>\t\t\t\t\t\t\t\t<\/div>\n\t\t\t\t<\/div>\n\t\t\t\t<div class=\"elementor-element elementor-element-f8dcaeb elementor-widget elementor-widget-text-editor\" data-id=\"f8dcaeb\" data-element_type=\"widget\" data-widget_type=\"text-editor.default\">\n\t\t\t\t\t\t\t\t\t<p>Avant de fonder GG AVOCAT, il a travaill\u00e9 pour des cabinets r\u00e9put\u00e9s.<\/p>\n<p>Dipl\u00f4m\u00e9 du Master 2 \u00ab Droit Social \u00bb de l\u2019Universit\u00e9 Paris XIII, Gilbert intervient dans tous les domaines du Droit du Travail.<br><br><\/p>\n<p>N\u00e9gociateur obstin\u00e9, il cherche avant tout la meilleure solution amiable pour son client.<\/p>\n<p>Mais il est \u00e9galement actif dans le domaine judiciaire (contentieux prud\u2019homal salari\u00e9s). <br><br><\/p>\n<p>Il d\u00e9livre enfin <strong>du conseil<\/strong> \u00e0 destination de certaines soci\u00e9t\u00e9s.<\/p>\n<div><br><\/div>\t\t\t\t\t\t\t\t<\/div>\n\t\t\t\t<\/div>\n\t\t<div class=\"elementor-element elementor-element-2eccab1 e-con-full e-flex e-con e-child\" data-id=\"2eccab1\" data-element_type=\"container\">\n\t\t\t\t<div class=\"elementor-element elementor-element-ba64831 elementor-widget elementor-widget-image\" data-id=\"ba64831\" data-element_type=\"widget\" data-widget_type=\"image.default\">\n\t\t\t\t\t\t\t\t\t\t\t\t\t\t\t<img fetchpriority=\"high\" decoding=\"async\" width=\"622\" height=\"488\" src=\"https:\/\/gunashekar-avocat.fr\/wp-content\/uploads\/2025\/12\/Rectangle-312.jpg\" class=\"attachment-2048x2048 size-2048x2048 wp-image-74\" alt=\"\" srcset=\"https:\/\/gunashekar-avocat.fr\/wp-content\/uploads\/2025\/12\/Rectangle-312.jpg 622w, https:\/\/gunashekar-avocat.fr\/wp-content\/uploads\/2025\/12\/Rectangle-312-300x235.jpg 300w\" sizes=\"(max-width: 622px) 100vw, 622px\" \/>\t\t\t\t\t\t\t\t\t\t\t\t\t\t\t<\/div>\n\t\t\t\t<\/div>\n\t\t\t\t\t<\/div>\n\t\t\t\t<\/div>\n\t\t\t\t<\/div>\n\t\t","protected":false},"excerpt":{"rendered":"<p>Gilbert GUNASHEKAR est avocat en droit du travail depuis pr\u00e8s de 15 ans. Avant de fonder GG AVOCAT, il a travaill\u00e9 pour des cabinets r\u00e9put\u00e9s. Dipl\u00f4m\u00e9 du Master 2 \u00ab Droit Social \u00bb de l\u2019Universit\u00e9 Paris XIII, Gilbert intervient dans tous les domaines du Droit du Travail. N\u00e9gociateur obstin\u00e9, il cherche avant tout la meilleure [&hellip;]<\/p>\n","protected":false},"author":1,"featured_media":0,"parent":0,"menu_order":0,"comment_status":"closed","ping_status":"closed","template":"","meta":{"footnotes":""},"class_list":["post-67","page","type-page","status-publish","hentry"],"_links":{"self":[{"href":"https:\/\/gunashekar-avocat.fr\/index.php?rest_route=\/wp\/v2\/pages\/67","targetHints":{"allow":["GET"]}}],"collection":[{"href":"https:\/\/gunashekar-avocat.fr\/index.php?rest_route=\/wp\/v2\/pages"}],"about":[{"href":"https:\/\/gunashekar-avocat.fr\/index.php?rest_route=\/wp\/v2\/types\/page"}],"author":[{"embeddable":true,"href":"https:\/\/gunashekar-avocat.fr\/index.php?rest_route=\/wp\/v2\/users\/1"}],"replies":[{"embeddable":true,"href":"https:\/\/gunashekar-avocat.fr\/index.php?rest_route=%2Fwp%2Fv2%2Fcomments&post=67"}],"version-history":[{"count":37,"href":"https:\/\/gunashekar-avocat.fr\/index.php?rest_route=\/wp\/v2\/pages\/67\/revisions"}],"predecessor-version":[{"id":351,"href":"https:\/\/gunashekar-avocat.fr\/index.php?rest_route=\/wp\/v2\/pages\/67\/revisions\/351"}],"wp:attachment":[{"href":"https:\/\/gunashekar-avocat.fr\/index.php?rest_route=%2Fwp%2Fv2%2Fmedia&parent=67"}],"curies":[{"name":"wp","href":"https:\/\/api.w.org\/{rel}","templated":true}]}}